{"id":2,"date":"2016-04-11T12:21:00","date_gmt":"2016-04-11T12:21:00","guid":{"rendered":"http:\/\/jorgeorta.com\/?page_id=2"},"modified":"2017-02-27T18:32:09","modified_gmt":"2017-02-27T18:32:09","slug":"pagina-ejemplo","status":"publish","type":"page","link":"https:\/\/jorgeorta.com\/","title":{"rendered":"\u00a1Hola!"},"content":{"rendered":"<p><img loading=\"lazy\" decoding=\"async\" class=\"alignnone size-medium wp-image-6\" src=\"http:\/\/jorgeorta.com\/wp-content\/uploads\/2016\/04\/cropped-Foto-Perfil-300x300.png\" alt=\"cropped-Foto-Perfil.png\" width=\"300\" height=\"300\" srcset=\"https:\/\/jorgeorta.com\/wp-content\/uploads\/2016\/04\/cropped-Foto-Perfil-300x300.png 300w, https:\/\/jorgeorta.com\/wp-content\/uploads\/2016\/04\/cropped-Foto-Perfil-150x150.png 150w, https:\/\/jorgeorta.com\/wp-content\/uploads\/2016\/04\/cropped-Foto-Perfil-768x768.png 768w, https:\/\/jorgeorta.com\/wp-content\/uploads\/2016\/04\/cropped-Foto-Perfil-1024x1024.png 1024w, https:\/\/jorgeorta.com\/wp-content\/uploads\/2016\/04\/cropped-Foto-Perfil.png 1260w\" sizes=\"auto, (max-width: 300px) 100vw, 300px\" \/><\/p>\n<p>Soy Jorge y vengo de Jijona, Alicante (el pueblo del turr\u00f3n), aunque desde hace ya unos a\u00f1os resido en Alcoy. Estoy graduado en ingenier\u00eda inform\u00e1tica y actualmente trabajo como programador gr\u00e1fico con amplia experiencia en el desarrollo de aplicaciones interactivas en el campo de la realidad aumentada, realidad virtual y videojuegos.<\/p>\n<p>&nbsp;<\/p>\n<p>Te\u00a0dejo mi enlace a linkedin donde podr\u00e1s conocer m\u00e1s sobre mi vida profesional.<\/p>\n<p><a href=\"https:\/\/es.linkedin.com\/in\/jorge-orta-l\u00f3pez-45514a50\" target=\"_blank\" rel=\"https:\/\/es.linkedin.com\/in\/jorge-orta-l\u00f3pez-45514a50\"><img loading=\"lazy\" decoding=\"async\" class=\"alignnone wp-image-18\" src=\"http:\/\/jorgeorta.com\/wp-content\/uploads\/2016\/04\/icon_linkedin.png\" width=\"82\" height=\"82\" srcset=\"https:\/\/jorgeorta.com\/wp-content\/uploads\/2016\/04\/icon_linkedin.png 256w, https:\/\/jorgeorta.com\/wp-content\/uploads\/2016\/04\/icon_linkedin-150x150.png 150w\" sizes=\"auto, (max-width: 82px) 100vw, 82px\" \/><\/a><\/p>\n<p>Y mi correo de contacto es:<\/p>\n<p><a href=\"mailto:hola@jorgeorta.com\">hola@jorgeorta.com<\/a><\/p>\n<p>Saludos y gracias por visitar mi p\u00e1gina!!<\/p>\n<p>\ud83d\ude09<\/p>\n","protected":false},"excerpt":{"rendered":"<p>Soy Jorge y vengo de Jijona, Alicante (el pueblo del turr\u00f3n), aunque desde hace ya unos a\u00f1os resido en Alcoy. Estoy graduado en ingenier\u00eda inform\u00e1tica y actualmente trabajo como programador gr\u00e1fico con amplia experiencia en el desarrollo de aplicaciones interactivas en el campo de la realidad aumentada, realidad virtual y videojuegos. &nbsp; Te\u00a0dejo mi enlace [&hellip;]<\/p>\n","protected":false},"author":1,"featured_media":0,"parent":0,"menu_order":1,"comment_status":"closed","ping_status":"open","template":"","meta":{"footnotes":""},"class_list":["post-2","page","type-page","status-publish","hentry"],"_links":{"self":[{"href":"https:\/\/jorgeorta.com\/index.php\/wp-json\/wp\/v2\/pages\/2","targetHints":{"allow":["GET"]}}],"collection":[{"href":"https:\/\/jorgeorta.com\/index.php\/wp-json\/wp\/v2\/pages"}],"about":[{"href":"https:\/\/jorgeorta.com\/index.php\/wp-json\/wp\/v2\/types\/page"}],"author":[{"embeddable":true,"href":"https:\/\/jorgeorta.com\/index.php\/wp-json\/wp\/v2\/users\/1"}],"replies":[{"embeddable":true,"href":"https:\/\/jorgeorta.com\/index.php\/wp-json\/wp\/v2\/comments?post=2"}],"version-history":[{"count":11,"href":"https:\/\/jorgeorta.com\/index.php\/wp-json\/wp\/v2\/pages\/2\/revisions"}],"predecessor-version":[{"id":23,"href":"https:\/\/jorgeorta.com\/index.php\/wp-json\/wp\/v2\/pages\/2\/revisions\/23"}],"wp:attachment":[{"href":"https:\/\/jorgeorta.com\/index.php\/wp-json\/wp\/v2\/media?parent=2"}],"curies":[{"name":"wp","href":"https:\/\/api.w.org\/{rel}","templated":true}]}}